{"id":16417,"date":"2023-08-24T11:25:17","date_gmt":"2023-08-24T09:25:17","guid":{"rendered":"https:\/\/www.beatriceberrut.com\/kontakt\/"},"modified":"2024-12-05T21:09:59","modified_gmt":"2024-12-05T20:09:59","slug":"kontakt","status":"publish","type":"page","link":"https:\/\/www.beatriceberrut.com\/de\/kontakt\/","title":{"rendered":"Kontakt"},"content":{"rendered":"\t\t<div data-elementor-type=\"wp-page\" data-elementor-id=\"16417\" class=\"elementor elementor-16417 elementor-15539\" data-elementor-post-type=\"page\">\n\t\t\t\t<div class=\"elementor-element elementor-element-95c5f82 e-flex e-con-boxed e-con e-parent\" data-id=\"95c5f82\" data-element_type=\"container\" data-e-type=\"container\">\n\t\t\t\t\t<div class=\"e-con-inner\">\n\t\t<div class=\"elementor-element elementor-element-331d77c e-con-full e-flex e-con e-child\" data-id=\"331d77c\" data-element_type=\"container\" data-e-type=\"container\">\n\t\t\t\t<div class=\"elementor-element elementor-element-4c6a51d elementor-widget elementor-widget-heading\" data-id=\"4c6a51d\" data-element_type=\"widget\" data-e-type=\"widget\" data-widget_type=\"heading.default\">\n\t\t\t\t<div class=\"elementor-widget-container\">\n\t\t\t\t\t<h2 class=\"elementor-heading-title elementor-size-default\">K\u00fcnstlerisches Management<\/h2>\t\t\t\t<\/div>\n\t\t\t\t<\/div>\n\t\t\t\t<div class=\"elementor-element elementor-element-f05b151 elementor-widget elementor-widget-text-editor\" data-id=\"f05b151\" data-element_type=\"widget\" data-e-type=\"widget\" data-widget_type=\"text-editor.default\">\n\t\t\t\t<div class=\"elementor-widget-container\">\n\t\t\t\t\t\t\t\t\t<p><b><span style=\"white-space-collapse: preserve;\">Das k\u00fcnstlerische Management von Beatrice Berrut freut sich \u00fcber Ihre Anfragen bez\u00fcglich dem Engagement der Konzertpianistin.<\/span><\/b><\/p>\n\t\t\t\t\t\t\t\t<\/div>\n\t\t\t\t<\/div>\n\t\t<div class=\"elementor-element elementor-element-d3cacd2 e-con-full e-flex e-con e-child\" data-id=\"d3cacd2\" data-element_type=\"container\" data-e-type=\"container\">\n\t\t\t\t<div class=\"elementor-element elementor-element-c36e680 elementor-widget elementor-widget-text-editor\" data-id=\"c36e680\" data-element_type=\"widget\" data-e-type=\"widget\" data-widget_type=\"text-editor.default\">\n\t\t\t\t<div class=\"elementor-widget-container\">\n\t\t\t\t\t\t\t\t\t<p><strong>\u00d6sterreich und Deutschland\u00a0<br \/><\/strong>Vienna Arts Management<br \/>Mag. Florian Petermann<\/p><p>+43 69911480446<br \/>florian@viennaartsmanagement.com<br \/><a href=\"https:\/\/viennaartsmanagement.com\" target=\"_blank\" rel=\"noopener\">www.viennaartsmanagement.com<\/a><\/p>\t\t\t\t\t\t\t\t<\/div>\n\t\t\t\t<\/div>\n\t\t\t\t<div class=\"elementor-element elementor-element-2880e3e elementor-widget elementor-widget-text-editor\" data-id=\"2880e3e\" data-element_type=\"widget\" data-e-type=\"widget\" data-widget_type=\"text-editor.default\">\n\t\t\t\t<div class=\"elementor-widget-container\">\n\t\t\t\t\t\t\t\t\t<p><strong>Frankreich und Monaco<br \/><\/strong>Concert Talent<br \/>Lara Sidorov<\/p><p>+33 682 404 924<br \/>lara.sidorov@concert-talent.com<br \/><a href=\"https:\/\/www.concert-talent.com\" target=\"_blank\" rel=\"noopener\">www.concert-talent.com<\/a><\/p>\t\t\t\t\t\t\t\t<\/div>\n\t\t\t\t<\/div>\n\t\t\t\t<div class=\"elementor-element elementor-element-9fda886 elementor-widget elementor-widget-text-editor\" data-id=\"9fda886\" data-element_type=\"widget\" data-e-type=\"widget\" data-widget_type=\"text-editor.default\">\n\t\t\t\t<div class=\"elementor-widget-container\">\n\t\t\t\t\t\t\t\t\t<p><strong>Skandinavien<br \/><\/strong>Nova Artists Management<br \/>Morten Ernst Lassen<\/p><p>+45 6037 9059<br \/><span class=\"gI\"><span class=\"qu\" tabindex=\"-1\" role=\"gridcell\" translate=\"no\"><span class=\"go\">morten@novaartistsmanagement.com<\/span><\/span><\/span><br \/><a href=\"https:\/\/www.novaartistsmanagement.com\/\">www.novaartistsmanagement.com<\/a><\/p>\t\t\t\t\t\t\t\t<\/div>\n\t\t\t\t<\/div>\n\t\t\t\t<\/div>\n\t\t\t\t<\/div>\n\t\t<div class=\"elementor-element elementor-element-97b4825 e-con-full e-flex e-con e-child\" data-id=\"97b4825\" data-element_type=\"container\" data-e-type=\"container\">\n\t\t\t\t<div class=\"elementor-element elementor-element-be8d556 elementor-widget elementor-widget-heading\" data-id=\"be8d556\" data-element_type=\"widget\" data-e-type=\"widget\" data-widget_type=\"heading.default\">\n\t\t\t\t<div class=\"elementor-widget-container\">\n\t\t\t\t\t<h2 class=\"elementor-heading-title elementor-size-default\">Public Relations<\/h2>\t\t\t\t<\/div>\n\t\t\t\t<\/div>\n\t\t<div class=\"elementor-element elementor-element-4b1713a e-con-full e-flex e-con e-child\" data-id=\"4b1713a\" data-element_type=\"container\" data-e-type=\"container\">\n\t\t\t\t<div class=\"elementor-element elementor-element-60700e9 elementor-widget elementor-widget-text-editor\" data-id=\"60700e9\" data-element_type=\"widget\" data-e-type=\"widget\" data-widget_type=\"text-editor.default\">\n\t\t\t\t<div class=\"elementor-widget-container\">\n\t\t\t\t\t\t\t\t\t<p><b>PR &amp; Discographie DACH<br \/><\/b>Damacormusic<br \/>Daniela Majer<\/p><p>+49 30 9700 5325<br \/>info@damacormusic.com<br \/><a href=\"https:\/\/www.damacormusic.com\" target=\"_blank\" rel=\"noopener\">www.damacormusic.com<\/a><\/p>\t\t\t\t\t\t\t\t<\/div>\n\t\t\t\t<\/div>\n\t\t\t\t<div class=\"elementor-element elementor-element-0ba309f elementor-widget elementor-widget-button\" data-id=\"0ba309f\" data-element_type=\"widget\" data-e-type=\"widget\" data-widget_type=\"button.default\">\n\t\t\t\t<div class=\"elementor-widget-container\">\n\t\t\t\t\t\t\t\t\t<div class=\"elementor-button-wrapper\">\n\t\t\t\t\t<a class=\"elementor-button elementor-button-link elementor-size-md\" href=\"https:\/\/www.beatriceberrut.com\/presse\/\" target=\"_blank\">\n\t\t\t\t\t\t<span class=\"elementor-button-content-wrapper\">\n\t\t\t\t\t\t\t\t\t<span class=\"elementor-button-text\">Presse &amp; Rezensionen<\/span>\n\t\t\t\t\t<\/span>\n\t\t\t\t\t<\/a>\n\t\t\t\t<\/div>\n\t\t\t\t\t\t\t\t<\/div>\n\t\t\t\t<\/div>\n\t\t\t\t<\/div>\n\t\t\t\t<\/div>\n\t\t\t\t\t<\/div>\n\t\t\t\t<\/div>\n\t\t<div class=\"elementor-element elementor-element-08942fb e-flex e-con-boxed e-con e-parent\" data-id=\"08942fb\" data-element_type=\"container\" data-e-type=\"container\">\n\t\t\t\t\t<div class=\"e-con-inner\">\n\t\t\t\t<div class=\"elementor-element elementor-element-4659f7e elementor-widget elementor-widget-text-editor\" data-id=\"4659f7e\" data-element_type=\"widget\" data-e-type=\"widget\" data-widget_type=\"text-editor.default\">\n\t\t\t\t<div class=\"elementor-widget-container\">\n\t\t\t\t\t\t\t\t\t<p>Kontaktieren Sie Beatrice Berrut<\/p>\n\t\t\t\t\t\t\t\t<\/div>\n\t\t\t\t<\/div>\n\t\t\t\t<div class=\"elementor-element elementor-element-ed3653e elementor-widget elementor-widget-text-editor\" data-id=\"ed3653e\" data-element_type=\"widget\" data-e-type=\"widget\" data-widget_type=\"text-editor.default\">\n\t\t\t\t<div class=\"elementor-widget-container\">\n\t\t\t\t\t\t\t\t\t<p>Sie m\u00f6chten mehr \u00fcber die K\u00fcnstlerin erfahren oder \u00fcber kommende Konzerte auf dem Laufenden gehalten werden, dann schreiben Sie Beatrice Berrut hier.<\/p>\n\t\t\t\t\t\t\t\t<\/div>\n\t\t\t\t<\/div>\n\t\t\t\t<div class=\"elementor-element elementor-element-debcbec elementor-align-center elementor-widget elementor-widget-button\" data-id=\"debcbec\" data-element_type=\"widget\" data-e-type=\"widget\" data-widget_type=\"button.default\">\n\t\t\t\t<div class=\"elementor-widget-container\">\n\t\t\t\t\t\t\t\t\t<div class=\"elementor-button-wrapper\">\n\t\t\t\t\t<a class=\"elementor-button elementor-button-link elementor-size-md\" href=\"mailto:contact@beatriceberrut.com\" target=\"_blank\">\n\t\t\t\t\t\t<span class=\"elementor-button-content-wrapper\">\n\t\t\t\t\t\t\t\t\t<span class=\"elementor-button-text\">E-Mail senden<\/span>\n\t\t\t\t\t<\/span>\n\t\t\t\t\t<\/a>\n\t\t\t\t<\/div>\n\t\t\t\t\t\t\t\t<\/div>\n\t\t\t\t<\/div>\n\t\t\t\t\t<\/div>\n\t\t\t\t<\/div>\n\t\t\t\t<\/div>\n\t\t","protected":false},"excerpt":{"rendered":"<p>K\u00fcnstlerisches Management Das k\u00fcnstlerische Management von Beatrice Berrut freut sich \u00fcber Ihre Anfragen bez\u00fcglich dem Engagement der Konzertpianistin. \u00d6sterreich und Deutschland\u00a0Vienna Arts ManagementMag. Florian Petermann +43 69911480446florian@viennaartsmanagement.comwww.viennaartsmanagement.com Frankreich und MonacoConcert TalentLara Sidorov +33 682 404 924lara.sidorov@concert-talent.comwww.concert-talent.com SkandinavienNova Artists ManagementMorten Ernst Lassen +45 6037 9059morten@novaartistsmanagement.comwww.novaartistsmanagement.com Public Relations PR &amp; Discographie DACHDamacormusicDaniela Majer +49 30 9700 5325info@damacormusic.comwww.damacormusic.com [&hellip;]<\/p>\n","protected":false},"author":2,"featured_media":15831,"parent":0,"menu_order":0,"comment_status":"closed","ping_status":"closed","template":"","meta":{"_acf_changed":false,"footnotes":""},"class_list":["post-16417","page","type-page","status-publish","has-post-thumbnail","hentry"],"acf":[],"yoast_head":"<!-- This site is optimized with the Yoast SEO plugin v27.4 - https:\/\/yoast.com\/product\/yoast-seo-wordpress\/ -->\n<title>Kontakt - Beatrice Berrut<\/title>\n<meta name=\"robots\" content=\"index, follow, max-snippet:-1, max-image-preview:large, max-video-preview:-1\" \/>\n<link rel=\"canonical\" href=\"https:\/\/www.beatriceberrut.com\/de\/kontakt\/\" \/>\n<meta property=\"og:locale\" content=\"de_DE\" \/>\n<meta property=\"og:type\" content=\"article\" \/>\n<meta property=\"og:title\" content=\"Kontakt - Beatrice Berrut\" \/>\n<meta property=\"og:description\" content=\"K\u00fcnstlerisches Management Das k\u00fcnstlerische Management von Beatrice Berrut freut sich \u00fcber Ihre Anfragen bez\u00fcglich dem Engagement der Konzertpianistin. \u00d6sterreich und Deutschland\u00a0Vienna Arts ManagementMag. Florian Petermann +43 69911480446florian@viennaartsmanagement.comwww.viennaartsmanagement.com Frankreich und MonacoConcert TalentLara Sidorov +33 682 404 924lara.sidorov@concert-talent.comwww.concert-talent.com SkandinavienNova Artists ManagementMorten Ernst Lassen +45 6037 9059morten@novaartistsmanagement.comwww.novaartistsmanagement.com Public Relations PR &amp; Discographie DACHDamacormusicDaniela Majer +49 30 9700 5325info@damacormusic.comwww.damacormusic.com [&hellip;]\" \/>\n<meta property=\"og:url\" content=\"https:\/\/www.beatriceberrut.com\/de\/kontakt\/\" \/>\n<meta property=\"og:site_name\" content=\"Beatrice Berrut\" \/>\n<meta property=\"article:modified_time\" content=\"2024-12-05T20:09:59+00:00\" \/>\n<meta property=\"og:image\" content=\"https:\/\/www.beatriceberrut.com\/wp-content\/uploads\/2023\/08\/BannerContact.jpg\" \/>\n\t<meta property=\"og:image:width\" content=\"1624\" \/>\n\t<meta property=\"og:image:height\" content=\"496\" \/>\n\t<meta property=\"og:image:type\" content=\"image\/jpeg\" \/>\n<meta name=\"twitter:card\" content=\"summary_large_image\" \/>\n<meta name=\"twitter:label1\" content=\"Gesch\u00e4tzte Lesezeit\" \/>\n\t<meta name=\"twitter:data1\" content=\"1\u00a0Minute\" \/>\n<script type=\"application\/ld+json\" class=\"yoast-schema-graph\">{\"@context\":\"https:\\\/\\\/schema.org\",\"@graph\":[{\"@type\":\"WebPage\",\"@id\":\"https:\\\/\\\/www.beatriceberrut.com\\\/de\\\/kontakt\\\/\",\"url\":\"https:\\\/\\\/www.beatriceberrut.com\\\/de\\\/kontakt\\\/\",\"name\":\"Kontakt - Beatrice Berrut\",\"isPartOf\":{\"@id\":\"https:\\\/\\\/www.beatriceberrut.com\\\/de\\\/#website\"},\"primaryImageOfPage\":{\"@id\":\"https:\\\/\\\/www.beatriceberrut.com\\\/de\\\/kontakt\\\/#primaryimage\"},\"image\":{\"@id\":\"https:\\\/\\\/www.beatriceberrut.com\\\/de\\\/kontakt\\\/#primaryimage\"},\"thumbnailUrl\":\"https:\\\/\\\/www.beatriceberrut.com\\\/wp-content\\\/uploads\\\/2023\\\/08\\\/BannerContact.jpg\",\"datePublished\":\"2023-08-24T09:25:17+00:00\",\"dateModified\":\"2024-12-05T20:09:59+00:00\",\"breadcrumb\":{\"@id\":\"https:\\\/\\\/www.beatriceberrut.com\\\/de\\\/kontakt\\\/#breadcrumb\"},\"inLanguage\":\"de\",\"potentialAction\":[{\"@type\":\"ReadAction\",\"target\":[\"https:\\\/\\\/www.beatriceberrut.com\\\/de\\\/kontakt\\\/\"]}]},{\"@type\":\"ImageObject\",\"inLanguage\":\"de\",\"@id\":\"https:\\\/\\\/www.beatriceberrut.com\\\/de\\\/kontakt\\\/#primaryimage\",\"url\":\"https:\\\/\\\/www.beatriceberrut.com\\\/wp-content\\\/uploads\\\/2023\\\/08\\\/BannerContact.jpg\",\"contentUrl\":\"https:\\\/\\\/www.beatriceberrut.com\\\/wp-content\\\/uploads\\\/2023\\\/08\\\/BannerContact.jpg\",\"width\":1624,\"height\":496},{\"@type\":\"BreadcrumbList\",\"@id\":\"https:\\\/\\\/www.beatriceberrut.com\\\/de\\\/kontakt\\\/#breadcrumb\",\"itemListElement\":[{\"@type\":\"ListItem\",\"position\":1,\"name\":\"Accueil\",\"item\":\"https:\\\/\\\/www.beatriceberrut.com\\\/de\\\/\"},{\"@type\":\"ListItem\",\"position\":2,\"name\":\"Kontakt\"}]},{\"@type\":\"WebSite\",\"@id\":\"https:\\\/\\\/www.beatriceberrut.com\\\/de\\\/#website\",\"url\":\"https:\\\/\\\/www.beatriceberrut.com\\\/de\\\/\",\"name\":\"Beatrice Berrut\",\"description\":\"Pianiste &amp; compositrice suisse\",\"potentialAction\":[{\"@type\":\"SearchAction\",\"target\":{\"@type\":\"EntryPoint\",\"urlTemplate\":\"https:\\\/\\\/www.beatriceberrut.com\\\/de\\\/?s={search_term_string}\"},\"query-input\":{\"@type\":\"PropertyValueSpecification\",\"valueRequired\":true,\"valueName\":\"search_term_string\"}}],\"inLanguage\":\"de\"}]}<\/script>\n<!-- \/ Yoast SEO plugin. -->","yoast_head_json":{"title":"Kontakt - Beatrice Berrut","robots":{"index":"index","follow":"follow","max-snippet":"max-snippet:-1","max-image-preview":"max-image-preview:large","max-video-preview":"max-video-preview:-1"},"canonical":"https:\/\/www.beatriceberrut.com\/de\/kontakt\/","og_locale":"de_DE","og_type":"article","og_title":"Kontakt - Beatrice Berrut","og_description":"K\u00fcnstlerisches Management Das k\u00fcnstlerische Management von Beatrice Berrut freut sich \u00fcber Ihre Anfragen bez\u00fcglich dem Engagement der Konzertpianistin. \u00d6sterreich und Deutschland\u00a0Vienna Arts ManagementMag. Florian Petermann +43 69911480446florian@viennaartsmanagement.comwww.viennaartsmanagement.com Frankreich und MonacoConcert TalentLara Sidorov +33 682 404 924lara.sidorov@concert-talent.comwww.concert-talent.com SkandinavienNova Artists ManagementMorten Ernst Lassen +45 6037 9059morten@novaartistsmanagement.comwww.novaartistsmanagement.com Public Relations PR &amp; Discographie DACHDamacormusicDaniela Majer +49 30 9700 5325info@damacormusic.comwww.damacormusic.com [&hellip;]","og_url":"https:\/\/www.beatriceberrut.com\/de\/kontakt\/","og_site_name":"Beatrice Berrut","article_modified_time":"2024-12-05T20:09:59+00:00","og_image":[{"width":1624,"height":496,"url":"https:\/\/www.beatriceberrut.com\/wp-content\/uploads\/2023\/08\/BannerContact.jpg","type":"image\/jpeg"}],"twitter_card":"summary_large_image","twitter_misc":{"Gesch\u00e4tzte Lesezeit":"1\u00a0Minute"},"schema":{"@context":"https:\/\/schema.org","@graph":[{"@type":"WebPage","@id":"https:\/\/www.beatriceberrut.com\/de\/kontakt\/","url":"https:\/\/www.beatriceberrut.com\/de\/kontakt\/","name":"Kontakt - Beatrice Berrut","isPartOf":{"@id":"https:\/\/www.beatriceberrut.com\/de\/#website"},"primaryImageOfPage":{"@id":"https:\/\/www.beatriceberrut.com\/de\/kontakt\/#primaryimage"},"image":{"@id":"https:\/\/www.beatriceberrut.com\/de\/kontakt\/#primaryimage"},"thumbnailUrl":"https:\/\/www.beatriceberrut.com\/wp-content\/uploads\/2023\/08\/BannerContact.jpg","datePublished":"2023-08-24T09:25:17+00:00","dateModified":"2024-12-05T20:09:59+00:00","breadcrumb":{"@id":"https:\/\/www.beatriceberrut.com\/de\/kontakt\/#breadcrumb"},"inLanguage":"de","potentialAction":[{"@type":"ReadAction","target":["https:\/\/www.beatriceberrut.com\/de\/kontakt\/"]}]},{"@type":"ImageObject","inLanguage":"de","@id":"https:\/\/www.beatriceberrut.com\/de\/kontakt\/#primaryimage","url":"https:\/\/www.beatriceberrut.com\/wp-content\/uploads\/2023\/08\/BannerContact.jpg","contentUrl":"https:\/\/www.beatriceberrut.com\/wp-content\/uploads\/2023\/08\/BannerContact.jpg","width":1624,"height":496},{"@type":"BreadcrumbList","@id":"https:\/\/www.beatriceberrut.com\/de\/kontakt\/#breadcrumb","itemListElement":[{"@type":"ListItem","position":1,"name":"Accueil","item":"https:\/\/www.beatriceberrut.com\/de\/"},{"@type":"ListItem","position":2,"name":"Kontakt"}]},{"@type":"WebSite","@id":"https:\/\/www.beatriceberrut.com\/de\/#website","url":"https:\/\/www.beatriceberrut.com\/de\/","name":"Beatrice Berrut","description":"Pianiste &amp; compositrice suisse","potentialAction":[{"@type":"SearchAction","target":{"@type":"EntryPoint","urlTemplate":"https:\/\/www.beatriceberrut.com\/de\/?s={search_term_string}"},"query-input":{"@type":"PropertyValueSpecification","valueRequired":true,"valueName":"search_term_string"}}],"inLanguage":"de"}]}},"_links":{"self":[{"href":"https:\/\/www.beatriceberrut.com\/de\/wp-json\/wp\/v2\/pages\/16417","targetHints":{"allow":["GET"]}}],"collection":[{"href":"https:\/\/www.beatriceberrut.com\/de\/wp-json\/wp\/v2\/pages"}],"about":[{"href":"https:\/\/www.beatriceberrut.com\/de\/wp-json\/wp\/v2\/types\/page"}],"author":[{"embeddable":true,"href":"https:\/\/www.beatriceberrut.com\/de\/wp-json\/wp\/v2\/users\/2"}],"replies":[{"embeddable":true,"href":"https:\/\/www.beatriceberrut.com\/de\/wp-json\/wp\/v2\/comments?post=16417"}],"version-history":[{"count":13,"href":"https:\/\/www.beatriceberrut.com\/de\/wp-json\/wp\/v2\/pages\/16417\/revisions"}],"predecessor-version":[{"id":16923,"href":"https:\/\/www.beatriceberrut.com\/de\/wp-json\/wp\/v2\/pages\/16417\/revisions\/16923"}],"wp:featuredmedia":[{"embeddable":true,"href":"https:\/\/www.beatriceberrut.com\/de\/wp-json\/wp\/v2\/media\/15831"}],"wp:attachment":[{"href":"https:\/\/www.beatriceberrut.com\/de\/wp-json\/wp\/v2\/media?parent=16417"}],"curies":[{"name":"wp","href":"https:\/\/api.w.org\/{rel}","templated":true}]}}